{"id":5,"date":"2025-05-26T23:35:53","date_gmt":"2025-05-26T23:35:53","guid":{"rendered":"https:\/\/jorgebanet.com\/puce\/inicio\/"},"modified":"2025-12-09T19:00:19","modified_gmt":"2025-12-10T00:00:19","slug":"inicio","status":"publish","type":"page","link":"https:\/\/jorgebanet.com\/puce\/","title":{"rendered":"Inicio"},"content":{"rendered":"\n<div class=\"wp-block-cover aligncenter is-light hestia-clear-top-padding\" style=\"min-height:50px;aspect-ratio:unset;\"><span aria-hidden=\"true\" class=\"wp-block-cover__background has-white-background-color has-background-dim-100 has-background-dim\"><\/span><div class=\"wp-block-cover__inner-container is-layout-flow wp-block-cover-is-layout-flow\">\n<h1 class=\"wp-block-heading has-text-align-center\"><mark style=\"background-color:rgba(0, 0, 0, 0)\" class=\"has-inline-color has-luminous-vivid-amber-color\">Un lugar para aprender<\/mark><\/h1>\n<\/div><\/div>\n\n\n\n<div class=\"wp-block-columns are-vertically-aligned-center container is-layout-flex wp-container-core-columns-is-layout-9d6595d7 wp-block-columns-is-layout-flex\">\n<div class=\"wp-block-column is-vertically-aligned-center col-md-5 is-layout-flow wp-block-column-is-layout-flow\">\n<p class=\"animated backInLeft\"><strong>\u00bfC\u00f3mo funciona esta p\u00e1gina?<\/strong><\/p>\n\n\n\n<p class=\"animated backInLeft\">En esta p\u00e1gina los estudiantes practican sus habilidades con WordPress.<\/p>\n<\/div>\n\n\n\n<div class=\"wp-block-column is-vertically-aligned-center col-md-6 col-md-offset1 is-layout-flow wp-block-column-is-layout-flow\">\n<figure class=\"wp-block-image size-large\"><a href=\"https:\/\/jorgebanet.com\/puce\/wp-content\/uploads\/2025\/12\/alumnos.jpg\"><img fetchpriority=\"high\" decoding=\"async\" width=\"1024\" height=\"576\" src=\"https:\/\/jorgebanet.com\/puce\/wp-content\/uploads\/2025\/12\/alumnos-1024x576.jpg\" alt=\"Fotograf\u00eda de variso estudiantes universitarios ojeando libros para ni\u00f1os\" class=\"wp-image-2971\" srcset=\"https:\/\/jorgebanet.com\/puce\/wp-content\/uploads\/2025\/12\/alumnos-1024x576.jpg 1024w, https:\/\/jorgebanet.com\/puce\/wp-content\/uploads\/2025\/12\/alumnos-300x169.jpg 300w, https:\/\/jorgebanet.com\/puce\/wp-content\/uploads\/2025\/12\/alumnos-768x432.jpg 768w, https:\/\/jorgebanet.com\/puce\/wp-content\/uploads\/2025\/12\/alumnos.jpg 1200w\" sizes=\"(max-width: 1024px) 100vw, 1024px\" \/><\/a><\/figure>\n<\/div>\n<\/div>\n\n\n\n<hr class=\"wp-block-separator has-alpha-channel-opacity animated fadeIn\"\/>\n\n\n\n<h1 class=\"wp-block-heading\">\u00daltimas entradas<\/h1>\n\n\n<ul class=\"wp-block-latest-posts__list is-grid columns-3 has-dates has-author wp-block-latest-posts\"><li><div class=\"wp-block-latest-posts__featured-image aligncenter\"><a href=\"https:\/\/jorgebanet.com\/puce\/un-poco-sobre-mi\/\" aria-label=\"Un Poco Sobre Mi\"><img decoding=\"async\" width=\"150\" height=\"150\" src=\"https:\/\/jorgebanet.com\/puce\/wp-content\/uploads\/2026\/01\/foto-de-perfil-1-150x150.jpeg\" class=\"attachment-thumbnail size-thumbnail wp-post-image\" alt=\"\" style=\"\" srcset=\"https:\/\/jorgebanet.com\/puce\/wp-content\/uploads\/2026\/01\/foto-de-perfil-1-150x150.jpeg 150w, https:\/\/jorgebanet.com\/puce\/wp-content\/uploads\/2026\/01\/foto-de-perfil-1-300x300.jpeg 300w\" sizes=\"(max-width: 150px) 100vw, 150px\" \/><\/a><\/div><a class=\"wp-block-latest-posts__post-title\" href=\"https:\/\/jorgebanet.com\/puce\/un-poco-sobre-mi\/\">Un Poco Sobre Mi<\/a><div class=\"wp-block-latest-posts__post-author\">por E Ochoa<\/div><time datetime=\"2026-01-30T21:29:54-05:00\" class=\"wp-block-latest-posts__post-date\">30 de enero de 2026<\/time><\/li>\n<li><div class=\"wp-block-latest-posts__featured-image aligncenter\"><a href=\"https:\/\/jorgebanet.com\/puce\/la-musica-de-taylor-swift-no-tiene-sustancia\/\" aria-label=\"La m\u00fasica de Taylor Swift no tiene sustancia\"><img decoding=\"async\" width=\"150\" height=\"150\" src=\"https:\/\/jorgebanet.com\/puce\/wp-content\/uploads\/2025\/12\/UzQzsHO9vf8Z75ZTisrZ_N2qMhiM5SPHWOP3gdp707s-150x150.webp\" class=\"attachment-thumbnail size-thumbnail wp-post-image\" alt=\"\" style=\"\" srcset=\"https:\/\/jorgebanet.com\/puce\/wp-content\/uploads\/2025\/12\/UzQzsHO9vf8Z75ZTisrZ_N2qMhiM5SPHWOP3gdp707s-150x150.webp 150w, https:\/\/jorgebanet.com\/puce\/wp-content\/uploads\/2025\/12\/UzQzsHO9vf8Z75ZTisrZ_N2qMhiM5SPHWOP3gdp707s-300x300.webp 300w\" sizes=\"(max-width: 150px) 100vw, 150px\" \/><\/a><\/div><a class=\"wp-block-latest-posts__post-title\" href=\"https:\/\/jorgebanet.com\/puce\/la-musica-de-taylor-swift-no-tiene-sustancia\/\">La m\u00fasica de Taylor Swift no tiene sustancia<\/a><div class=\"wp-block-latest-posts__post-author\">por ADNOBOA<\/div><time datetime=\"2025-12-11T09:49:59-05:00\" class=\"wp-block-latest-posts__post-date\">11 de diciembre de 2025<\/time><\/li>\n<li><a class=\"wp-block-latest-posts__post-title\" href=\"https:\/\/jorgebanet.com\/puce\/como-comenzar-a-superar-una-ruptura-amorosa-en-7-dias-segun-la-psicologia\/\">C\u00f3mo comenzar a superar una ruptura amorosa en 7 d\u00edas &#8220;seg\u00fan la psicolog\u00eda&#8221;<\/a><div class=\"wp-block-latest-posts__post-author\">por GUERRERO ARANGO<\/div><time datetime=\"2025-12-01T18:51:48-05:00\" class=\"wp-block-latest-posts__post-date\">1 de diciembre de 2025<\/time><\/li>\n<li><div class=\"wp-block-latest-posts__featured-image aligncenter\"><a href=\"https:\/\/jorgebanet.com\/puce\/como-alejar-a-una-persona-en-7-dias-sanamente\/\" aria-label=\"C\u00f3mo alejar a una persona en 7 d\u00edas &#8220;sanamente&#8221;\"><img loading=\"lazy\" decoding=\"async\" width=\"150\" height=\"150\" src=\"https:\/\/jorgebanet.com\/puce\/wp-content\/uploads\/2025\/12\/logo-oficial-150x150.png\" class=\"attachment-thumbnail size-thumbnail wp-post-image\" alt=\"imagen elaborada de manos realizando un coraz\u00f3n con un dibujo de un cerebro dentro con colores de fondo azul y morado; abajo dice el texto: psico.conocer, que es de importancia de la autora; redirige a la entrada de c\u00f3mo alejarte de una persona en 7 d\u00edas &quot;sanamente&quot;\" style=\"\" srcset=\"https:\/\/jorgebanet.com\/puce\/wp-content\/uploads\/2025\/12\/logo-oficial-150x150.png 150w, https:\/\/jorgebanet.com\/puce\/wp-content\/uploads\/2025\/12\/logo-oficial-300x300.png 300w, https:\/\/jorgebanet.com\/puce\/wp-content\/uploads\/2025\/12\/logo-oficial.png 500w\" sizes=\"(max-width: 150px) 100vw, 150px\" \/><\/a><\/div><a class=\"wp-block-latest-posts__post-title\" href=\"https:\/\/jorgebanet.com\/puce\/como-alejar-a-una-persona-en-7-dias-sanamente\/\">C\u00f3mo alejar a una persona en 7 d\u00edas &#8220;sanamente&#8221;<\/a><div class=\"wp-block-latest-posts__post-author\">por GUERRERO ARANGO<\/div><time datetime=\"2025-12-01T18:10:22-05:00\" class=\"wp-block-latest-posts__post-date\">1 de diciembre de 2025<\/time><\/li>\n<li><div class=\"wp-block-latest-posts__featured-image aligncenter\"><a href=\"https:\/\/jorgebanet.com\/puce\/matrix-un-analisis-desde-la-cultura-digital\/\" aria-label=\"Matrix: un an\u00e1lisis desde la cultura digital\"><img loading=\"lazy\" decoding=\"async\" width=\"150\" height=\"150\" src=\"https:\/\/jorgebanet.com\/puce\/wp-content\/uploads\/2025\/11\/image-76-150x150.png\" class=\"attachment-thumbnail size-thumbnail wp-post-image\" alt=\"\" style=\"\" \/><\/a><\/div><a class=\"wp-block-latest-posts__post-title\" href=\"https:\/\/jorgebanet.com\/puce\/matrix-un-analisis-desde-la-cultura-digital\/\">Matrix: un an\u00e1lisis desde la cultura digital<\/a><div class=\"wp-block-latest-posts__post-author\">por MARTINEZ JARAMILLO<\/div><time datetime=\"2025-12-01T10:33:13-05:00\" class=\"wp-block-latest-posts__post-date\">1 de diciembre de 2025<\/time><\/li>\n<li><div class=\"wp-block-latest-posts__featured-image aligncenter\"><a href=\"https:\/\/jorgebanet.com\/puce\/superacion-personal\/\" aria-label=\"Superaci\u00f3n personal\"><img loading=\"lazy\" decoding=\"async\" width=\"150\" height=\"150\" src=\"https:\/\/jorgebanet.com\/puce\/wp-content\/uploads\/2025\/12\/Superacion-150x150.webp\" class=\"attachment-thumbnail size-thumbnail wp-post-image\" alt=\"una frase positiva: la lucha es parte del camino hacia tus sue\u00f1os\" style=\"\" srcset=\"https:\/\/jorgebanet.com\/puce\/wp-content\/uploads\/2025\/12\/Superacion-150x150.webp 150w, https:\/\/jorgebanet.com\/puce\/wp-content\/uploads\/2025\/12\/Superacion.webp 156w\" sizes=\"(max-width: 150px) 100vw, 150px\" \/><\/a><\/div><a class=\"wp-block-latest-posts__post-title\" href=\"https:\/\/jorgebanet.com\/puce\/superacion-personal\/\">Superaci\u00f3n personal<\/a><div class=\"wp-block-latest-posts__post-author\">por PAZMINO LLUMIGUANO<\/div><time datetime=\"2025-12-01T02:04:39-05:00\" class=\"wp-block-latest-posts__post-date\">1 de diciembre de 2025<\/time><\/li>\n<\/ul>\n\n\n<hr class=\"wp-block-separator has-alpha-channel-opacity\"\/>\n\n\n\n<h1 class=\"wp-block-heading\"><a href=\"https:\/\/jorgebanet.com\/puce\/category\/bio-estudiantes\/\" data-type=\"category\" data-id=\"1033\">Nuestros estudiantes<\/a><\/h1>\n\n\n<ul class=\"wp-block-latest-posts__list is-grid columns-3 aligncenter wp-block-latest-posts\"><li><div class=\"wp-block-latest-posts__featured-image\"><img decoding=\"async\" width=\"150\" height=\"150\" src=\"https:\/\/jorgebanet.com\/puce\/wp-content\/uploads\/2026\/01\/foto-de-perfil-1-150x150.jpeg\" class=\"attachment-thumbnail size-thumbnail wp-post-image\" alt=\"\" style=\"\" srcset=\"https:\/\/jorgebanet.com\/puce\/wp-content\/uploads\/2026\/01\/foto-de-perfil-1-150x150.jpeg 150w, https:\/\/jorgebanet.com\/puce\/wp-content\/uploads\/2026\/01\/foto-de-perfil-1-300x300.jpeg 300w\" sizes=\"(max-width: 150px) 100vw, 150px\" \/><\/div><a class=\"wp-block-latest-posts__post-title\" href=\"https:\/\/jorgebanet.com\/puce\/un-poco-sobre-mi\/\">Un Poco Sobre Mi<\/a><\/li>\n<li><div class=\"wp-block-latest-posts__featured-image\"><img loading=\"lazy\" decoding=\"async\" width=\"150\" height=\"150\" src=\"https:\/\/jorgebanet.com\/puce\/wp-content\/uploads\/2025\/12\/WhatsApp-Image-2025-11-27-at-09.42.50-150x150.jpeg\" class=\"attachment-thumbnail size-thumbnail wp-post-image\" alt=\"\" style=\"\" srcset=\"https:\/\/jorgebanet.com\/puce\/wp-content\/uploads\/2025\/12\/WhatsApp-Image-2025-11-27-at-09.42.50-150x150.jpeg 150w, https:\/\/jorgebanet.com\/puce\/wp-content\/uploads\/2025\/12\/WhatsApp-Image-2025-11-27-at-09.42.50-300x300.jpeg 300w, https:\/\/jorgebanet.com\/puce\/wp-content\/uploads\/2025\/12\/WhatsApp-Image-2025-11-27-at-09.42.50-1024x1024.jpeg 1024w, https:\/\/jorgebanet.com\/puce\/wp-content\/uploads\/2025\/12\/WhatsApp-Image-2025-11-27-at-09.42.50-768x768.jpeg 768w, https:\/\/jorgebanet.com\/puce\/wp-content\/uploads\/2025\/12\/WhatsApp-Image-2025-11-27-at-09.42.50.jpeg 1224w\" sizes=\"(max-width: 150px) 100vw, 150px\" \/><\/div><a class=\"wp-block-latest-posts__post-title\" href=\"https:\/\/jorgebanet.com\/puce\/aaron-rodriguez\/\">Aar\u00f3n rodr\u00edguez<\/a><\/li>\n<li><a class=\"wp-block-latest-posts__post-title\" href=\"https:\/\/jorgebanet.com\/puce\/alis-no-mas-no-menos\/\">Alis (no m\u00e1s, no menos)<\/a><\/li>\n<li><div class=\"wp-block-latest-posts__featured-image\"><img loading=\"lazy\" decoding=\"async\" width=\"150\" height=\"150\" src=\"https:\/\/jorgebanet.com\/puce\/wp-content\/uploads\/2025\/11\/image-71-150x150.png\" class=\"attachment-thumbnail size-thumbnail wp-post-image\" alt=\"\" style=\"\" srcset=\"https:\/\/jorgebanet.com\/puce\/wp-content\/uploads\/2025\/11\/image-71-150x150.png 150w, https:\/\/jorgebanet.com\/puce\/wp-content\/uploads\/2025\/11\/image-71-300x300.png 300w\" sizes=\"(max-width: 150px) 100vw, 150px\" \/><\/div><a class=\"wp-block-latest-posts__post-title\" href=\"https:\/\/jorgebanet.com\/puce\/biografia-camila-chicaiza\/\">Biograf\u00eda Camila Chicaiza<\/a><\/li>\n<li><div class=\"wp-block-latest-posts__featured-image\"><img loading=\"lazy\" decoding=\"async\" width=\"150\" height=\"150\" src=\"https:\/\/jorgebanet.com\/puce\/wp-content\/uploads\/2025\/11\/IMG_0731-150x150.jpeg\" class=\"attachment-thumbnail size-thumbnail wp-post-image\" alt=\"\" style=\"\" srcset=\"https:\/\/jorgebanet.com\/puce\/wp-content\/uploads\/2025\/11\/IMG_0731-150x150.jpeg 150w, https:\/\/jorgebanet.com\/puce\/wp-content\/uploads\/2025\/11\/IMG_0731-300x300.jpeg 300w\" sizes=\"(max-width: 150px) 100vw, 150px\" \/><\/div><a class=\"wp-block-latest-posts__post-title\" href=\"https:\/\/jorgebanet.com\/puce\/jonathan-bermeo\/\">Jonathan Bermeo<\/a><\/li>\n<li><div class=\"wp-block-latest-posts__featured-image\"><img loading=\"lazy\" decoding=\"async\" width=\"150\" height=\"150\" src=\"https:\/\/jorgebanet.com\/puce\/wp-content\/uploads\/2025\/11\/WhatsApp-Image-2025-11-27-at-09.27.19-150x150.jpeg\" class=\"attachment-thumbnail size-thumbnail wp-post-image\" alt=\"\" style=\"\" srcset=\"https:\/\/jorgebanet.com\/puce\/wp-content\/uploads\/2025\/11\/WhatsApp-Image-2025-11-27-at-09.27.19-150x150.jpeg 150w, https:\/\/jorgebanet.com\/puce\/wp-content\/uploads\/2025\/11\/WhatsApp-Image-2025-11-27-at-09.27.19-300x300.jpeg 300w\" sizes=\"(max-width: 150px) 100vw, 150px\" \/><\/div><a class=\"wp-block-latest-posts__post-title\" href=\"https:\/\/jorgebanet.com\/puce\/aly-pero-no-alisson\/\">Aly pero no Alisson<\/a><\/li>\n<\/ul>\n\n\n<p><\/p>\n","protected":false},"excerpt":{"rendered":"<p>\u00bfC\u00f3mo funciona esta p\u00e1gina? En esta p\u00e1gina los estudiantes practican sus habilidades con WordPress. \u00daltimas entradas Nuestros estudiantes<\/p>\n","protected":false},"author":2,"featured_media":0,"parent":0,"menu_order":0,"comment_status":"closed","ping_status":"closed","template":"","meta":{"_themeisle_gutenberg_block_has_review":false,"footnotes":""},"class_list":["post-5","page","type-page","status-publish","hentry"],"_links":{"self":[{"href":"https:\/\/jorgebanet.com\/puce\/wp-json\/wp\/v2\/pages\/5","targetHints":{"allow":["GET"]}}],"collection":[{"href":"https:\/\/jorgebanet.com\/puce\/wp-json\/wp\/v2\/pages"}],"about":[{"href":"https:\/\/jorgebanet.com\/puce\/wp-json\/wp\/v2\/types\/page"}],"author":[{"embeddable":true,"href":"https:\/\/jorgebanet.com\/puce\/wp-json\/wp\/v2\/users\/2"}],"replies":[{"embeddable":true,"href":"https:\/\/jorgebanet.com\/puce\/wp-json\/wp\/v2\/comments?post=5"}],"version-history":[{"count":40,"href":"https:\/\/jorgebanet.com\/puce\/wp-json\/wp\/v2\/pages\/5\/revisions"}],"predecessor-version":[{"id":2973,"href":"https:\/\/jorgebanet.com\/puce\/wp-json\/wp\/v2\/pages\/5\/revisions\/2973"}],"wp:attachment":[{"href":"https:\/\/jorgebanet.com\/puce\/wp-json\/wp\/v2\/media?parent=5"}],"curies":[{"name":"wp","href":"https:\/\/api.w.org\/{rel}","templated":true}]}}